{"id":1536,"date":"2025-06-17T11:37:08","date_gmt":"2025-06-17T11:37:08","guid":{"rendered":"https:\/\/techshelf.se\/?page_id=1536"},"modified":"2026-04-06T21:01:32","modified_gmt":"2026-04-06T21:01:32","slug":"faktura","status":"publish","type":"page","link":"https:\/\/techshelf.se\/en\/faktura\/","title":{"rendered":"Invoice"},"content":{"rendered":"<div class=\"brz brz-root__container brz-reset-all brz-root__container-page\">\n<section id=\"gbKLcBz5ipyw_gbKLcBz5ipyw\" class=\"brz-section brz-css-d-section brz-css-1aj7xg6\">\n<div class=\"brz-section__content brz-section--boxed brz-css-d-sectionitem-bg brz-css-zvkvi1\" data-brz-custom-id=\"npknhZbYeqMc\">\n<div class=\"brz-bg\">\n<div class=\"brz-bg-image\"><\/div>\n<div class=\"brz-bg-color\"><\/div>\n<\/div>\n<div class=\"brz-container brz-css-d-sectionitem-container brz-css-1m5h79e\">\n<div class=\"brz-row__container brz-css-d-row-row brz-css-18r2qef\" data-brz-custom-id=\"jwX1fQQZ2q1j\">\n<div class=\"brz-row brz-css-d-row-container brz-css-r-row-container brz-css-1im329q\">\n<div class=\"brz-columns brz-css-d-column-column brz-css-6gbiqx\" data-brz-custom-id=\"cABB6Z6vUPjV\">\n<div class=\"brz-bg\">\n<div class=\"brz-bg-color\"><\/div>\n<\/div>\n<div class=\"brz-column__items brz-css-d-column-bg brz-css-18rqed5\">\n<div id=\"\" class=\"brz-css-d-wrapper brz-css-1njwi4r brz-wrapper\">\n<div class=\"brz-embed-code brz-css-d-embedcode brz-css-1uxow2s\" data-brz-custom-id=\"uHjRBMvhnK02\">\n<div class=\"brz-embed-content\">\n<div>\n<div style=\"text-align: center;font-family: monospace;font-size: 1.8rem;font-weight: 600;color: #000000;line-height: 1.6\">\n<div style=\"opacity: 0\">\n    Spara tid och rygg.\n  <\/div>\n<div style=\"opacity: 0\">\n    Organisera din arbetsyta.\n  <\/div>\n<div style=\"opacity: 0\">\n    Jobba smartare, var som helst.\n  <\/div>\n<\/div>\n<p>@keyframes fadeSlideIn {<br \/>\n  to {<br \/>\n    opacity: 1;<br \/>\n    transform: translateY(0);<br \/>\n  }<br \/>\n}<\/p>\n<\/div>\n<\/div>\n<\/div>\n<\/div>\n<div id=\"\" class=\"brz-css-d-wrapper brz-css-bzpo1t brz-wrapper\">\n<div class=\"brz-rich-text brz-rich-text__custom brz-css-d-richtext brz-css-1khs10\" data-brz-custom-id=\"vtPaUS9EwbtJ\">\n<div data-brz-translate-text=\"1\">\n<p class=\"brz-fsft-lg-0 brz-fwdth-lg-100 brz-vfw-lg-400 brz-lh-lg-1_9 brz-ls-lg-0 brz-fw-lg-400 brz-fss-lg-px brz-fs-lg-22 brz-ft-google brz-ff-michroma brz-tp-lg-empty brz-text-lg-center brz-css-e6ITr\" data-generated-css=\"brz-css-gAapV\" data-uniq-id=\"i3BKF\"><\/p>\n<p class=\"brz-fsft-lg-0 brz-fwdth-lg-100 brz-vfw-lg-400 brz-lh-lg-1_9 brz-ls-lg-0 brz-fw-lg-400 brz-fss-lg-px brz-fs-lg-22 brz-ft-google brz-ff-michroma brz-tp-lg-empty brz-text-lg-center brz-css-kBor_\" data-generated-css=\"brz-css-atU6G\" data-uniq-id=\"iMcwW\"><strong class=\"brz-bold-true brz-cp-color6\"> <\/strong><\/p>\n<p class=\"brz-text-lg-center brz-tp-lg-empty brz-ff-inter brz-ft-google brz-fs-lg-25 brz-fss-lg-px brz-fw-lg-500 brz-ls-lg-0 brz-lh-lg-1_9 brz-vfw-lg-400 brz-fwdth-lg-100 brz-fsft-lg-0 brz-css-g1ZLv\" data-generated-css=\"brz-css-lrqcs\" data-uniq-id=\"e1lCy\"><strong class=\"brz-cp-color6 brz-bold-true\"> <\/strong><\/p>\n<p class=\"brz-text-lg-center brz-tp-lg-empty brz-ff-inter brz-ft-google brz-fs-lg-25 brz-fss-lg-px brz-fw-lg-500 brz-ls-lg-0 brz-lh-lg-1_9 brz-vfw-lg-400 brz-fwdth-lg-100 brz-fsft-lg-0 brz-css-rnxFr\" data-generated-css=\"brz-css-lrqcs\" data-uniq-id=\"e1lCy\"><strong class=\"brz-cp-color6 brz-bold-true\">Fakturauppgifter<\/strong><\/p>\n<\/div>\n<\/div>\n<\/div>\n<div id=\"\" class=\"brz-css-d-wrapper brz-css-1gfb1h2 brz-wrapper\">\n<div data-brz-form-version=\"2\" class=\"brz-forms2 brz-css-d-form2-form brz-css-1y13z7f\" data-brz-custom-id=\"pQiP91zW6H17\">\n<div data-brz-translate-text=\"1\" class=\"brz-forms2__item brz-css-d-form2fields-fields brz-css-vpbnsr brz-css-d-form2field-field brz-css-1d5648q\">\n<div class=\"brz-forms2__field brz-forms2__field-select brz-forms2__field-select--multiple brz-css-d-form2fields-field_select brz-css-gg7ljg\">Tech ShelfTech Shelf GOTech Shelf PRO<\/div>\n<\/div>\n<div data-brz-translate-text=\"1\" class=\"brz-forms2__item brz-css-d-form2fields-fields brz-css-vpbnsr brz-css-d-form2field-field brz-css-n66a92\"><\/div>\n<div data-brz-translate-text=\"1\" class=\"brz-forms2__item brz-css-d-form2fields-fields brz-css-vpbnsr brz-css-d-form2field-field brz-css-8blk35\"><\/div>\n<div data-brz-translate-text=\"1\" class=\"brz-forms2__item brz-css-d-form2fields-fields brz-css-vpbnsr brz-css-d-form2field-field brz-css-3n9nf6\"><\/div>\n<div data-brz-translate-text=\"1\" class=\"brz-forms2__item brz-css-d-form2fields-fields brz-css-vpbnsr brz-css-d-form2field-field brz-css-1ms0b3o\"><\/div>\n<div data-brz-translate-text=\"1\" class=\"brz-forms2__item brz-css-d-form2fields-fields brz-css-vpbnsr brz-css-d-form2field-field brz-css-1m1wq59\"><\/div>\n<div class=\"brz-forms2 brz-forms2__item brz-forms2__item-button\" data-brz-custom-id=\"pQiP91zW6H17\"><button class=\"brz-btn brz-btn-submit brz-css-d-button-bg brz-css-12ivo5s\" data-brz-custom-id=\"qEkWTv_oCLqg\"><span data-brz-translate-text=\"1\" class=\"brz-span brz-text__editor\">Submit<\/span><\/button><\/div>\n<div class=\"brz-forms2__messages brz-css-d-form2-messages\"><\/div>\n<div class=\"brz-g-recaptcha\" data-sitekey=\"\" data-size=\"invisible\" data-callback=\"brzFormV2Captcha\"><\/div>\n<\/div>\n<\/div>\n<div id=\"\" class=\"brz-css-d-wrapper brz-css-1kp54ts brz-wrapper\">\n<div class=\"brz-rich-text brz-rich-text__custom brz-css-d-richtext brz-css-1kn36n6\" data-brz-custom-id=\"u3tLji7dc1vp\">\n<div data-brz-translate-text=\"1\">\n<p class=\"brz-text-lg-left brz-lh-lg-1_6 brz-lh-sm-1_6 brz-lh-xs-1_6 brz-ls-lg-0 brz-ls-sm-0 brz-ls-xs-0 brz-ff-overpass brz-fw-lg-600 brz-fw-sm-700 brz-fw-xs-700 brz-fs-lg-14 brz-fs-sm-13 brz-fs-xs-13 brz-css-lXktr\" data-generated-css=\"brz-css-d8QSo\" data-uniq-id=\"dvhxu\"><span class=\"brz-cp-color6\" style=\"opacity: 0.8\">We do not share your personal data with anyone else. Read our <\/span><a class=\"link--page brz-cp-color6\" style=\"opacity: 0.8\" href=\"https:\/\/techshelf.se\/en\/integritetspolicy\/\" data-brz-link-type=\"page\" target=\"_blank\" rel=\"noreferrer noopener\">Integrity Policy<\/a><span class=\"brz-cp-color6\" style=\"opacity: 0.8\"> for more information.<\/span><\/p>\n<\/div>\n<\/div>\n<\/div>\n<div id=\"\" class=\"brz-css-d-wrapper brz-css-r-wrapper brz-css-1sllzr4 brz-wrapper\">\n<div class=\"brz-spacer brz-css-d-spacer brz-css-pxren9\"><\/div>\n<\/div>\n<\/div>\n<\/div>\n<div class=\"brz-columns brz-css-d-column-column brz-css-4zvs55\" data-brz-custom-id=\"jyD11jCFRa0X\">\n<div class=\"brz-column__items brz-css-d-column-bg brz-css-ppc22d\">\n<div id=\"\" class=\"brz-css-d-wrapper brz-css-r-wrapper brz-css-wmjuqt brz-wrapper\">\n<div class=\"brz-spacer brz-css-d-spacer brz-css-1bugraw\"><\/div>\n<\/div>\n<\/div>\n<\/div>\n<\/div>\n<\/div>\n<\/div>\n<\/div>\n<\/section><\/div>\n<p><!-- version:1774520413 --><\/p>","protected":false},"excerpt":{"rendered":"<p>Spara tid och rygg. Organisera din arbetsyta. Jobba smartare, var som helst. @keyframes fadeSlideIn { to { opacity: 1; transform: translateY(0); } } Fakturauppgifter Tech ShelfTech Shelf GOTech Shelf PRO Skicka * Vi delar aldrig personlig information med n\u00e5gon annan.&nbsp;&nbsp;L\u00e4s v\u00e5r Integritetspolicy f\u00f6r mer information.<\/p>","protected":false},"author":2,"featured_media":0,"parent":0,"menu_order":0,"comment_status":"closed","ping_status":"closed","template":"brizy-blank-template.php","meta":{"_glsr_average":0,"_glsr_ranking":0,"_glsr_reviews":0,"footnotes":""},"class_list":["post-1536","page","type-page","status-publish","hentry"],"brizy_media":[{"id":1459,"url":"https:\/\/techshelf.se\/wp-content\/uploads\/2025\/06\/20250408_115956-1-scaled.jpg","name":"20250408_115956-1.jpg","meta":{"brizy_attachment_uid":"wp-6631e655be08456ea79a16e706ed6e99.jpg","brizy_post_uid":["ebc77f672b2669ac345db49dfb3cd6a4","6be8b16e98566ccfcb438e225c6c826a","fbba071be3486f4fde9a32c647b6ff7e"]}}],"_links":{"self":[{"href":"https:\/\/techshelf.se\/en\/wp-json\/wp\/v2\/pages\/1536","targetHints":{"allow":["GET"]}}],"collection":[{"href":"https:\/\/techshelf.se\/en\/wp-json\/wp\/v2\/pages"}],"about":[{"href":"https:\/\/techshelf.se\/en\/wp-json\/wp\/v2\/types\/page"}],"author":[{"embeddable":true,"href":"https:\/\/techshelf.se\/en\/wp-json\/wp\/v2\/users\/2"}],"replies":[{"embeddable":true,"href":"https:\/\/techshelf.se\/en\/wp-json\/wp\/v2\/comments?post=1536"}],"version-history":[{"count":30,"href":"https:\/\/techshelf.se\/en\/wp-json\/wp\/v2\/pages\/1536\/revisions"}],"predecessor-version":[{"id":2029,"href":"https:\/\/techshelf.se\/en\/wp-json\/wp\/v2\/pages\/1536\/revisions\/2029"}],"wp:attachment":[{"href":"https:\/\/techshelf.se\/en\/wp-json\/wp\/v2\/media?parent=1536"}],"curies":[{"name":"wp","href":"https:\/\/api.w.org\/{rel}","templated":true}]}}